{"id":104,"date":"2021-01-15T01:16:58","date_gmt":"2021-01-15T00:16:58","guid":{"rendered":"https:\/\/www.communelabe.org\/web\/?page_id=104"},"modified":"2021-08-08T05:47:17","modified_gmt":"2021-08-08T03:47:17","slug":"historique","status":"publish","type":"page","link":"https:\/\/www.communelabe.org\/web\/historique\/","title":{"rendered":"HISTORIQUE"},"content":{"rendered":"\n<p class=\"has-normal-font-size\" style=\"line-height:1.7\">Lab\u00e9 la Belle , Situ\u00e9e sur les hauteurs de l&rsquo;axe central du massif du Foutah- Djallo, \u00e0 430 Km de la capitale Conakry, Elle fut fond\u00e9e vers&nbsp;<a href=\"https:\/\/fr.m.wikipedia.org\/wiki\/1755\">1755<\/a>&nbsp;par&nbsp;<a href=\"https:\/\/fr.m.wikipedia.org\/wiki\/Karamoko_Alpha_mo_Lab%C3%A9\">Alpha Mamadou Cellou<\/a>&nbsp;connu sous le nom de Karamoko Alpha, un important chef religieux. Lab\u00e9 est le chef-lieu de la r\u00e9gion administrative du m\u00eame nom et de la pr\u00e9fecture. La commune urbaine de Lab\u00e9 s\u2019\u00e9tend sur 312 Km2 et pr\u00e9sente un relief o\u00f9 dominent des hauts plateaux correspondant \u00e0 des hauts bassins versants, zones de partage des eaux.                                                                                   En dehors de quelques monts isol\u00e9s, la commune offre un paysage peu accident\u00e9 .Cependant, les bordures Est de cette zone centrale sont vallonn\u00e9es suite \u00e0 la ramification des diff\u00e9rents cours d\u2019eau qui prennent leur source aux alentours de la ville de Lab\u00e9.                                                                                     Lab\u00e9 jouit \u00e9galement d\u2019un climat tropical adouci&nbsp; par l\u2019altitude et caract\u00e9ris\u00e9 par&nbsp;:<\/p>\n\n\n\n<ul class=\"wp-block-list\"><li>L\u2019alternance de deux saisons&nbsp;: une saison pluvieuse d\u2019aout \u00e0 octobre et une saison s\u00e8che de novembre \u00e0 mars,<\/li><li>Une pluviom\u00e9trie&nbsp; dont la moyenne varie entre 1.300 et 1.600 mm pour environ 150 jours de pluie, avec un maximum au mois d\u2019aout,<\/li><li>Une temp\u00e9rature moyenne annuelle de 21\u00b0C, avec un maximum en mars\/avril de 35\u00b0C, et un minimum en d\u00e9cembre \/ janvier de 6\u00b0C \u00e0 10\u00b0C.<\/li><\/ul>\n\n\n\n<p>De par son climat doux, sa v\u00e9g\u00e9tation et son relief diversifi\u00e9, Lab\u00e9 offre aux visiteurs un paysage souriant et pittoresque qui vient s\u2019ajouter \u00e0 d\u2019autres beaut\u00e9s artistiques et culturelles qu\u2019il&nbsp; est int\u00e9ressant de d\u00e9couvrir&nbsp;: chute de Sounsour\u00e9, carri\u00e8re de Thialakoun, grotte de Pamm\u00e9 Hamady\u2026<\/p>\n\n\n\n<p class=\"has-text-align-center\"><strong>La Tol\u00e9rance et le progr\u00e8s&nbsp;: deux valeurs fortes<\/strong><\/p>\n\n\n\n<p>Avec une population accueillante et dynamique de pr\u00e8s de 100.000 habitants, la commune Urbaine de Lab\u00e9 cr\u00e9\u00e9e en 1991 en tant que collectivit\u00e9 territoriale, est aujourd\u2019hui un grand centre \u00e9conomique et culturel.<\/p>\n\n\n\n<p>Aujourd\u2019hui d\u00e9coup\u00e9e en 28 quartiers&nbsp;: 12 quartiers urbains et 16 quartiers ruraux, Lab\u00e9 a connu une grande \u00e9volution compte tenu du temps, des reformes politiques et de la croissance d\u00e9mographique.<\/p>\n\n\n\n<p>L\u2019islam est la religion dominante avec de nombreuses mosqu\u00e9es implant\u00e9es un peu partout dans la localit\u00e9. Mais on note \u00e9galement l\u2019existence, depuis la p\u00e9riode coloniale, de deux \u00e9glises catholiques et protestantes qui vivent en harmonie avec les fr\u00e8res musulmans.<\/p>\n\n\n\n<p><strong>L\u2019\u00e9ducation <\/strong>s\u2019y d\u00e9veloppe et se diversifie de plus en plus en plus de 30.000 \u00e9l\u00e8ves fr\u00e9quentent des \u00e9tablissements primaires, secondaires et professionnels. Aux anciennes formes d\u2019enseignement (\u00e9tudes coraniques et \u00e9coles publiques) viennent s\u2019ajouter depuis 1985 des \u00e9coles priv\u00e9es et des \u00e9coles maternelles.<\/p>\n\n\n\n<p>Par ailleurs, la surveillance sanitaire est assur\u00e9e par un h\u00f4pital r\u00e9gional, des postes m\u00e9dicaux et des centres de sant\u00e9 auxquels s\u2019ajoutent des cabinets priv\u00e9s et ce, \u00e0 la grande satisfaction des populations de Lab\u00e9.<\/p>\n\n\n\n<p class=\"has-text-align-center\"><strong>Une activit\u00e9 \u00e9conomique vari\u00e9e<\/strong><\/p>\n\n\n\n<p><strong>Agriculture et cueillette<\/strong> : A Lab\u00e9, comme dans tout le Foutah Djallon, le travail agricole est partag\u00e9 entre les tapades, situ\u00e9es \u00e0 l\u2019int\u00e9rieur des concessions, et les champs ext\u00e9rieurs. Les cultures vivri\u00e8res les plus pratiqu\u00e9es sont le fonio, l\u2019arachide, le mais et le manioc. Les rendements sont faibles \u00e0 cause de la pauvret\u00e9 des sols.<\/p>\n\n\n\n<p>Par contre les cultures maraich\u00e8res et fruiti\u00e8res font l\u2019objet d\u2019un commerce florissant&nbsp;: Pomme de terre tomate laitue, chou, oignon, mangue, orange, banane, avocat, mandarine,\u2026<\/p>\n\n\n\n<p>La cueillette est pratiqu\u00e9e essentiellement par les femmes &nbsp;et les enfants&nbsp;: grains de n\u00e9r\u00e9, feuilles d\u2019indigo, fleurs de jasmin achet\u00e9es par une fabrique de parfum et d\u00e9riv\u00e9s devers &nbsp;situ\u00e9e \u00e0 7km au Nord de la ville.<\/p>\n\n\n\n<p><strong>Artisanat&nbsp;: <\/strong>l\u2019artisanat regroupant plusieurs corps de m\u00e9tier est tr\u00e8s d\u00e9velopp\u00e9&nbsp;: forgerons, bijoutiers, tisserands, teinturi\u00e8res, poti\u00e8res, cordonniers et tailleurs, rivalisent d\u2019ardeur dans l\u2019expression de leur g\u00e9nie cr\u00e9ateur.<\/p>\n\n\n\n<p><strong>Commerce&nbsp;: <\/strong>Lab\u00e9 est un important&nbsp; centre commercial. Le march\u00e9 central et les march\u00e9s hebdomadaires constituent un cadre privil\u00e9gi\u00e9 pour les \u00e9changes commerciaux. Ces march\u00e9s fonctionnent comme r\u00e9-distributeurs de produits finis par la ville et comme collecteurs de produits agricoles et de la cueillette des zones rurales, qui visent, soit le march\u00e9 de consommation de Lab\u00e9, soit le transit pour d\u2019autres destinations, voire les pays voisins.       <br><strong>Personnalit\u00e9s li\u00e9es \u00e0 la ville<\/strong><\/p>\n\n\n\n<ul class=\"wp-block-list\"><li><a href=\"https:\/\/fr.m.wikipedia.org\/wiki\/Sa%C3%AFfoulaye_Diallo\">Saifoulaye Diallo<\/a>, homme d&rsquo;\u00c9tat, ancien Pr\u00e9sident de l&rsquo;Assembl\u00e9e nationale pendant la premi\u00e8re R\u00e9publique.<\/li><li><a href=\"https:\/\/fr.m.wikipedia.org\/wiki\/Cellou_Dalein_Diallo\">Cellou Dalein Diallo<\/a>, homme politique et ancien Premier Ministre de la Guin\u00e9e. Chef de file de L&rsquo;opposition.<\/li><li><a href=\"https:\/\/fr.m.wikipedia.org\/wiki\/Siradiou_Diallo\">Siradiou Diallo<\/a>, journaliste et homme politique.<\/li><li><a href=\"https:\/\/fr.m.wikipedia.org\/wiki\/Yacine_Diallo\">Yacine Diallo<\/a>, premier d\u00e9put\u00e9 \u00e0 repr\u00e9senter la Guin\u00e9e \u00e0 l&rsquo;Assembl\u00e9e nationale fran\u00e7aise.<\/li><li><a href=\"https:\/\/fr.m.wikipedia.org\/wiki\/Binta_Pilote\">Binta Pilote<\/a>, colonel, pilote d&rsquo;h\u00e9licopt\u00e8re et d\u00e9put\u00e9e.<\/li><\/ul>\n\n\n\n<div class=\"wp-block-contact-widgets-social-block\"><ul class=\"social-icons\"><\/ul><\/div>\n","protected":false},"excerpt":{"rendered":"<p>Lab\u00e9 la Belle , Situ\u00e9e sur les hauteurs de l&rsquo;axe central du massif du Foutah- Djallo, \u00e0 430 Km de la capitale Conakry, Elle fut fond\u00e9e vers&nbsp;1755&nbsp;par&nbsp;Alpha Mamadou Cellou&nbsp;connu sous le nom de Karamoko Alpha, un important chef religieux. Lab\u00e9 est le chef-lieu de la r\u00e9gion administrative du m\u00eame nom et de la pr\u00e9fecture. La [&hellip;]<\/p>\n","protected":false},"author":1,"featured_media":0,"parent":0,"menu_order":0,"comment_status":"closed","ping_status":"closed","template":"","meta":{"saved_in_kubio":false,"footnotes":""},"class_list":["post-104","page","type-page","status-publish","hentry"],"kubio_ai_page_context":{"short_desc":"","purpose":"general"},"_links":{"self":[{"href":"https:\/\/www.communelabe.org\/web\/wp-json\/wp\/v2\/pages\/104","targetHints":{"allow":["GET"]}}],"collection":[{"href":"https:\/\/www.communelabe.org\/web\/wp-json\/wp\/v2\/pages"}],"about":[{"href":"https:\/\/www.communelabe.org\/web\/wp-json\/wp\/v2\/types\/page"}],"author":[{"embeddable":true,"href":"https:\/\/www.communelabe.org\/web\/wp-json\/wp\/v2\/users\/1"}],"replies":[{"embeddable":true,"href":"https:\/\/www.communelabe.org\/web\/wp-json\/wp\/v2\/comments?post=104"}],"version-history":[{"count":10,"href":"https:\/\/www.communelabe.org\/web\/wp-json\/wp\/v2\/pages\/104\/revisions"}],"predecessor-version":[{"id":2010,"href":"https:\/\/www.communelabe.org\/web\/wp-json\/wp\/v2\/pages\/104\/revisions\/2010"}],"wp:attachment":[{"href":"https:\/\/www.communelabe.org\/web\/wp-json\/wp\/v2\/media?parent=104"}],"curies":[{"name":"wp","href":"https:\/\/api.w.org\/{rel}","templated":true}]}}