{"id":412,"date":"2021-01-18T17:40:12","date_gmt":"2021-01-18T16:40:12","guid":{"rendered":"https:\/\/www.communelabe.org\/web\/?page_id=412"},"modified":"2021-03-02T01:42:01","modified_gmt":"2021-03-02T00:42:01","slug":"education","status":"publish","type":"page","link":"https:\/\/www.communelabe.org\/web\/education\/","title":{"rendered":"\u00c9ducation"},"content":{"rendered":"\n<p>La ville de lab\u00e9 regroupe plusieurs possibilit\u00e9s d&rsquo;\u00e9ducation. Il existe plusieurs \u00e9coles primaires et secondaires. Un grand centre de formation professionnelle, une\u00a0<a href=\"https:\/\/fr.m.wikipedia.org\/wiki\/ENI_de_Lab%C3%A9\">\u00e9cole normale des instituteurs<\/a>\u00a0(<a href=\"https:\/\/fr.m.wikipedia.org\/wiki\/ENI_de_Lab%C3%A9\">ENI &#8211; Lab\u00e9<\/a>), un centre de formation f\u00e9minin. Une branche de l&rsquo;<a href=\"https:\/\/fr.m.wikipedia.org\/wiki\/Universit%C3%A9_de_Conakry\">universit\u00e9 de Conakry<\/a>\u00a0y \u00e9tait m\u00eame install\u00e9e \u00e0 Hafia. <\/p>\n","protected":false},"excerpt":{"rendered":"<p>La ville de lab\u00e9 regroupe plusieurs possibilit\u00e9s d&rsquo;\u00e9ducation. Il existe plusieurs \u00e9coles primaires et secondaires. Un grand centre de formation professionnelle, une\u00a0\u00e9cole normale des instituteurs\u00a0(ENI &#8211; Lab\u00e9), un centre de formation f\u00e9minin. Une branche de l&rsquo;universit\u00e9 de Conakry\u00a0y \u00e9tait m\u00eame install\u00e9e \u00e0 Hafia.<\/p>\n","protected":false},"author":1,"featured_media":0,"parent":0,"menu_order":0,"comment_status":"closed","ping_status":"closed","template":"","meta":{"saved_in_kubio":false,"footnotes":""},"class_list":["post-412","page","type-page","status-publish","hentry"],"kubio_ai_page_context":{"short_desc":"","purpose":"general"},"_links":{"self":[{"href":"https:\/\/www.communelabe.org\/web\/wp-json\/wp\/v2\/pages\/412","targetHints":{"allow":["GET"]}}],"collection":[{"href":"https:\/\/www.communelabe.org\/web\/wp-json\/wp\/v2\/pages"}],"about":[{"href":"https:\/\/www.communelabe.org\/web\/wp-json\/wp\/v2\/types\/page"}],"author":[{"embeddable":true,"href":"https:\/\/www.communelabe.org\/web\/wp-json\/wp\/v2\/users\/1"}],"replies":[{"embeddable":true,"href":"https:\/\/www.communelabe.org\/web\/wp-json\/wp\/v2\/comments?post=412"}],"version-history":[{"count":2,"href":"https:\/\/www.communelabe.org\/web\/wp-json\/wp\/v2\/pages\/412\/revisions"}],"predecessor-version":[{"id":1079,"href":"https:\/\/www.communelabe.org\/web\/wp-json\/wp\/v2\/pages\/412\/revisions\/1079"}],"wp:attachment":[{"href":"https:\/\/www.communelabe.org\/web\/wp-json\/wp\/v2\/media?parent=412"}],"curies":[{"name":"wp","href":"https:\/\/api.w.org\/{rel}","templated":true}]}}