{"id":622,"date":"2021-01-25T11:17:24","date_gmt":"2021-01-25T10:17:24","guid":{"rendered":"https:\/\/www.communelabe.org\/web\/?page_id=622"},"modified":"2021-02-15T13:05:56","modified_gmt":"2021-02-15T12:05:56","slug":"bambaya","status":"publish","type":"page","link":"https:\/\/www.communelabe.org\/web\/bambaya\/","title":{"rendered":"Bambaya"},"content":{"rendered":"\n<p><strong>Quartier\u00a0:<\/strong>\u00a0 Bambaya                                                                                                      <strong>Nom et nombre de secteur\u00a0:<\/strong> Bambaya centre, Afia, Bhouroudji                        <strong>Nom et pr\u00e9nom du chef de Quartier\u00a0: <\/strong>Thierno \u00a0Boubacar Thirolo Diallo       <strong>T\u00e9l\u00e9phone\u00a0:<\/strong> +224\u00a0622-04-48-68                                                                       <\/p>\n\n\n\n<ul class=\"wp-block-list\"><li>Nombre d\u2019habitant&nbsp;: 651 habitants<\/li><li>Nombre de march\u00e9&nbsp;: 0<\/li><li>Nombre d\u2019\u00e9cole&nbsp;:<\/li><li><strong>Priv\u00e9e :<\/strong><\/li><\/ul>\n\n\n\n<p><strong>Primaire&nbsp;: <\/strong>00&nbsp;&nbsp;&nbsp;&nbsp;&nbsp;&nbsp;&nbsp; <strong>Coll\u00e8ge&nbsp;:<\/strong> 00&nbsp;&nbsp;&nbsp;&nbsp;&nbsp;&nbsp;&nbsp;&nbsp; <strong>Lyc\u00e9e&nbsp;: <\/strong>00<\/p>\n\n\n\n<ul class=\"wp-block-list\"><li><strong>Publique&nbsp;:<\/strong><\/li><\/ul>\n\n\n\n<p><strong>Primaire&nbsp;: <\/strong>00&nbsp;&nbsp;&nbsp;&nbsp;&nbsp; &nbsp;&nbsp;&nbsp;<strong>Coll\u00e8ge&nbsp;:<\/strong> 00&nbsp;&nbsp;&nbsp;&nbsp;&nbsp;&nbsp;&nbsp;&nbsp; <strong>Lyc\u00e9e&nbsp;: <\/strong>00<\/p>\n\n\n\n<ul class=\"wp-block-list\"><li><strong>Nombre de centre de sant\u00e9 :<\/strong> Publique&nbsp;: 00&nbsp;&nbsp;&nbsp; Priv\u00e9e&nbsp;: 00<\/li><li><strong>Nombre de poste de sant\u00e9&nbsp;:<\/strong> Publique&nbsp;: 00&nbsp;&nbsp;&nbsp; Priv\u00e9e&nbsp;: 00<\/li><li><strong>Nombre de clinique:<\/strong> 00<\/li><li><strong>Nombre de point d\u2019eau (forage)&nbsp;<\/strong>: Priv\u00e9e&nbsp;: 03&nbsp; Publique&nbsp;: 01<\/li><li><strong>Nombre de Mosqu\u00e9e&nbsp;:<\/strong> 01&nbsp;&nbsp; nombre d\u2019\u00e9glise&nbsp;: 00<\/li><\/ul>\n\n\n\n<p><strong><u>HISTORIQUE&nbsp;<\/u><\/strong><strong>:<\/strong><\/p>\n\n\n\n<p>Le quartier Bambaya est cr\u00e9e le 23 avril 1992, ce quartier \u00e0 \u00e9t\u00e9 dirig\u00e9 par un chef de quartier du nom de feu Samba Bhoye DIALLO de 1992 jusqu\u2019en 2010, son successeur fut Boubacar Thirollo DIALLO de 2010 jusqu&rsquo;\u00e0 nos jours 2021.<\/p>\n\n\n\n<p>Bambaya est un quartier qui manque de tout pendant 29 ans, nous vivons actuellement gr\u00e2ce \u00e0 nos femmes qui font le jardinage au bord de la rivi\u00e8re de s\u00e2ala.<\/p>\n\n\n\n<p><strong>&nbsp;<\/strong><\/p>\n","protected":false},"excerpt":{"rendered":"<p>Quartier\u00a0:\u00a0 Bambaya Nom et nombre de secteur\u00a0: Bambaya centre, Afia, Bhouroudji Nom et pr\u00e9nom du chef de Quartier\u00a0: Thierno \u00a0Boubacar Thirolo Diallo T\u00e9l\u00e9phone\u00a0: +224\u00a0622-04-48-68 Nombre d\u2019habitant&nbsp;: 651 habitants Nombre de march\u00e9&nbsp;: 0 Nombre d\u2019\u00e9cole&nbsp;: Priv\u00e9e : Primaire&nbsp;: 00&nbsp;&nbsp;&nbsp;&nbsp;&nbsp;&nbsp;&nbsp; Coll\u00e8ge&nbsp;: 00&nbsp;&nbsp;&nbsp;&nbsp;&nbsp;&nbsp;&nbsp;&nbsp; Lyc\u00e9e&nbsp;: 00 Publique&nbsp;: Primaire&nbsp;: 00&nbsp;&nbsp;&nbsp;&nbsp;&nbsp; &nbsp;&nbsp;&nbsp;Coll\u00e8ge&nbsp;: 00&nbsp;&nbsp;&nbsp;&nbsp;&nbsp;&nbsp;&nbsp;&nbsp; Lyc\u00e9e&nbsp;: 00 Nombre de centre de sant\u00e9 : [&hellip;]<\/p>\n","protected":false},"author":1,"featured_media":0,"parent":0,"menu_order":0,"comment_status":"closed","ping_status":"closed","template":"","meta":{"saved_in_kubio":false,"footnotes":""},"class_list":["post-622","page","type-page","status-publish","hentry"],"kubio_ai_page_context":{"short_desc":"","purpose":"general"},"_links":{"self":[{"href":"https:\/\/www.communelabe.org\/web\/wp-json\/wp\/v2\/pages\/622","targetHints":{"allow":["GET"]}}],"collection":[{"href":"https:\/\/www.communelabe.org\/web\/wp-json\/wp\/v2\/pages"}],"about":[{"href":"https:\/\/www.communelabe.org\/web\/wp-json\/wp\/v2\/types\/page"}],"author":[{"embeddable":true,"href":"https:\/\/www.communelabe.org\/web\/wp-json\/wp\/v2\/users\/1"}],"replies":[{"embeddable":true,"href":"https:\/\/www.communelabe.org\/web\/wp-json\/wp\/v2\/comments?post=622"}],"version-history":[{"count":2,"href":"https:\/\/www.communelabe.org\/web\/wp-json\/wp\/v2\/pages\/622\/revisions"}],"predecessor-version":[{"id":931,"href":"https:\/\/www.communelabe.org\/web\/wp-json\/wp\/v2\/pages\/622\/revisions\/931"}],"wp:attachment":[{"href":"https:\/\/www.communelabe.org\/web\/wp-json\/wp\/v2\/media?parent=622"}],"curies":[{"name":"wp","href":"https:\/\/api.w.org\/{rel}","templated":true}]}}